{"id":26253382,"date":"2025-08-29T09:57:55","date_gmt":"2025-08-29T07:57:55","guid":{"rendered":"https:\/\/masetec.liebevolleweltherrschaft.de\/?page_id=26253382"},"modified":"2025-09-02T15:19:32","modified_gmt":"2025-09-02T13:19:32","slug":"jobs-karriere","status":"publish","type":"page","link":"https:\/\/www.masetec.com\/de\/jobs-karriere\/","title":{"rendered":"Jobs-Karriere"},"content":{"rendered":"<p>[et_pb_section fb_built=&#8220;1&#8243; _builder_version=&#8220;4.27.4&#8243; _module_preset=&#8220;default&#8220; use_background_color_gradient=&#8220;on&#8220; background_color_gradient_direction=&#8220;90deg&#8220; background_color_gradient_stops=&#8220;#002b57 0%|#185ea7 99%&#8220; background_image=&#8220;https:\/\/www.masetec.com\/wp-content\/uploads\/2025\/05\/masetec-Unternehmen_header.webp&#8220; background_position=&#8220;top_center&#8220; custom_margin=&#8220;0px||0px||false|false&#8220; custom_padding=&#8220;0px||0px||true|false&#8220; background_last_edited=&#8220;on|tablet&#8220; background_enable_image_tablet=&#8220;off&#8220; locked=&#8220;off&#8220; global_colors_info=&#8220;{}&#8220;][et_pb_row disabled_on=&#8220;off|off|on&#8220; _builder_version=&#8220;4.27.4&#8243; _module_preset=&#8220;default&#8220; width=&#8220;100%&#8220; max_width=&#8220;100%&#8220; custom_margin=&#8220;0px||0px||false|false&#8220; custom_padding=&#8220;0px||0px||false|false&#8220; global_colors_info=&#8220;{}&#8220;][et_pb_column type=&#8220;4_4&#8243; _builder_version=&#8220;4.27.4&#8243; _module_preset=&#8220;default&#8220; global_colors_info=&#8220;{}&#8220;][et_pb_image src=&#8220;https:\/\/www.masetec.com\/wp-content\/uploads\/2025\/05\/masetec-Unternehmensprofil_header-mobil.jpg&#8220; title_text=&#8220;masetec-Unternehmensprofil_header mobil&#8220; _builder_version=&#8220;4.27.4&#8243; _module_preset=&#8220;default&#8220; global_colors_info=&#8220;{}&#8220;][\/et_pb_image][\/et_pb_column][\/et_pb_row][et_pb_row column_structure=&#8220;1_2,1_2&#8243; _builder_version=&#8220;4.27.4&#8243; _module_preset=&#8220;default&#8220; custom_margin_tablet=&#8220;&#8220; custom_margin_phone=&#8220;||||false|false&#8220; custom_margin_last_edited=&#8220;on|phone&#8220; global_colors_info=&#8220;{}&#8220;][et_pb_column type=&#8220;1_2&#8243; _builder_version=&#8220;4.27.4&#8243; _module_preset=&#8220;default&#8220; custom_padding=&#8220;6%||6%||true|false&#8220; custom_padding_tablet=&#8220;8%||8%||true|false&#8220; custom_padding_phone=&#8220;10%||10%||true|false&#8220; custom_padding_last_edited=&#8220;on|phone&#8220; global_colors_info=&#8220;{}&#8220;][et_pb_text _builder_version=&#8220;4.27.4&#8243; _module_preset=&#8220;default&#8220; header_text_color=&#8220;#FFFFFF&#8220; header_font_size=&#8220;50px&#8220; header_line_height=&#8220;1.1em&#8220; max_width=&#8220;480px&#8220; custom_margin=&#8220;||25px||false|false&#8220; header_font_size_tablet=&#8220;50px&#8220; header_font_size_phone=&#8220;35px&#8220; header_font_size_last_edited=&#8220;on|phone&#8220; global_colors_info=&#8220;{}&#8220;]<\/p>\n<h1>Werden Sie ein Teil unseres Teams!<\/h1>\n<p>[\/et_pb_text][et_pb_text _builder_version=&#8220;4.27.4&#8243; _module_preset=&#8220;default&#8220; text_text_color=&#8220;#FFFFFF&#8220; text_font_size=&#8220;24px&#8220; max_width=&#8220;480px&#8220; custom_margin=&#8220;||50px||false|false&#8220; text_font_size_tablet=&#8220;24px&#8220; text_font_size_phone=&#8220;20px&#8220; text_font_size_last_edited=&#8220;on|phone&#8220; global_colors_info=&#8220;{}&#8220;]<\/p>\n<p>Gestalten Sie Ihre Zukunft mit uns \u2013 Ihre Initiativbewerbung im Bereich Handel, B\u00fcro &amp; Engineering<\/p>\n<p>[\/et_pb_text][et_pb_button button_url=&#8220;#Bewerben&#8220; button_text=&#8220;Jetzt bewerben&#8220; button_alignment=&#8220;left&#8220; button_alignment_tablet=&#8220;left&#8220; button_alignment_phone=&#8220;left&#8220; button_alignment_last_edited=&#8220;on|phone&#8220; _builder_version=&#8220;4.27.4&#8243; _module_preset=&#8220;default&#8220; custom_button=&#8220;on&#8220; button_text_size=&#8220;19px&#8220; button_text_color=&#8220;#FFFFFF&#8220; button_bg_color=&#8220;gcid-bd1c37b8-5e81-4b48-9faf-d9e35fe6e66c&#8220; button_border_width=&#8220;0px&#8220; button_border_color=&#8220;#FFFFFF&#8220; button_border_radius=&#8220;50px&#8220; button_font=&#8220;Roboto Condensed|700||on|||||&#8220; button_icon=&#8220;&#x24;||divi||400&#8243; button_on_hover=&#8220;off&#8220; custom_padding=&#8220;14px|53px|14px|36px|true|false&#8220; custom_padding_tablet=&#8220;14px|53px|14px|36px|true|false&#8220; custom_padding_phone=&#8220;14px|53px|14px|36px|true|false&#8220; custom_padding_last_edited=&#8220;on|phone&#8220; button_text_size_tablet=&#8220;19px&#8220; button_text_size_phone=&#8220;17px&#8220; button_text_size_last_edited=&#8220;on|phone&#8220; button_border_width_tablet=&#8220;0px&#8220; button_border_width_phone=&#8220;0px&#8220; button_border_width_last_edited=&#8220;on|desktop&#8220; global_colors_info=&#8220;{%22gcid-bd1c37b8-5e81-4b48-9faf-d9e35fe6e66c%22:%91%22button_bg_color%22,%22button_border_color%22,%22button_bg_color%22%93}&#8220; button_bg_color__hover=&#8220;rgba(255,255,255,0)&#8220; button_bg_color__hover_enabled=&#8220;on|hover&#8220; button_border_width__hover=&#8220;2px&#8220; button_border_width__hover_enabled=&#8220;on|hover&#8220;][\/et_pb_button][\/et_pb_column][et_pb_column type=&#8220;1_2&#8243; _builder_version=&#8220;4.27.4&#8243; _module_preset=&#8220;default&#8220; global_colors_info=&#8220;{}&#8220;][\/et_pb_column][\/et_pb_row][\/et_pb_section][et_pb_section fb_built=&#8220;1&#8243; _builder_version=&#8220;4.27.4&#8243; _module_preset=&#8220;default&#8220; custom_padding=&#8220;50px||40px||false|&#8220; global_colors_info=&#8220;{}&#8220;][et_pb_row _builder_version=&#8220;4.27.4&#8243; _module_preset=&#8220;default&#8220; width=&#8220;90%&#8220; custom_padding=&#8220;||0px||false|false&#8220; global_colors_info=&#8220;{}&#8220;][et_pb_column type=&#8220;4_4&#8243; _builder_version=&#8220;4.27.4&#8243; _module_preset=&#8220;default&#8220; global_colors_info=&#8220;{}&#8220;][et_pb_text _builder_version=&#8220;4.27.4&#8243; _module_preset=&#8220;default&#8220; header_2_text_align=&#8220;left&#8220; header_2_font_size=&#8220;50px&#8220; custom_margin=&#8220;||20px||false|false&#8220; custom_margin_tablet=&#8220;||20px||false|false&#8220; custom_margin_phone=&#8220;||10px||false|false&#8220; custom_margin_last_edited=&#8220;on|phone&#8220; header_2_font_size_tablet=&#8220;40px&#8220; header_2_font_size_phone=&#8220;33px&#8220; header_2_font_size_last_edited=&#8220;on|phone&#8220; global_colors_info=&#8220;{}&#8220;]<\/p>\n<h2>Wachsen Sie mit uns<\/h2>\n<p>[\/et_pb_text][et_pb_text _builder_version=&#8220;4.27.4&#8243; _module_preset=&#8220;default&#8220; max_width=&#8220;1200px&#8220; global_colors_info=&#8220;{}&#8220;]<\/p>\n<p><strong data-start=\"445\" data-end=\"620\">Masetec entwickelt und vertreibt hochwertige Sensorl\u00f6sungen f\u00fcr industrielle Anwendungen \u2013 mit einem klaren Fokus auf Pr\u00e4zision, Qualit\u00e4t und technische Weiterentwicklung.<\/strong><br data-start=\"620\" data-end=\"623\" \/>Unser Wachstum basiert auf Kompetenz, flachen Hierarchien und einem Team, das Verantwortung \u00fcbernimmt und Dinge m\u00f6glich macht. Deshalb suchen wir Menschen, die nicht nur mitarbeiten, sondern <strong data-start=\"814\" data-end=\"856\">mitdenken, mitgestalten und mitwachsen<\/strong> wollen \u2013 ob im technischen Bereich, in der Organisation oder im kaufm\u00e4nnischen Umfeld.<\/p>\n<p>[\/et_pb_text][et_pb_image src=&#8220;https:\/\/www.masetec.com\/wp-content\/uploads\/2025\/08\/Wir-suchen-Verstaerkung_Masetec-Jobs.webp&#8220; title_text=&#8220;Wir suchen Verst\u00e4rkung_Masetec-Jobs&#8220; _builder_version=&#8220;4.27.4&#8243; _module_preset=&#8220;default&#8220; border_radii=&#8220;on|10px|10px|10px|10px&#8220; global_colors_info=&#8220;{}&#8220;][\/et_pb_image][\/et_pb_column][\/et_pb_row][\/et_pb_section][et_pb_section fb_built=&#8220;1&#8243; _builder_version=&#8220;4.27.4&#8243; _module_preset=&#8220;default&#8220; custom_margin_tablet=&#8220;&#8220; custom_margin_phone=&#8220;&#8220; custom_margin_last_edited=&#8220;on|phone&#8220; custom_padding=&#8220;20px||40px||false|false&#8220; global_colors_info=&#8220;{}&#8220;][et_pb_row _builder_version=&#8220;4.27.4&#8243; _module_preset=&#8220;default&#8220; width=&#8220;90%&#8220; global_colors_info=&#8220;{}&#8220;][et_pb_column type=&#8220;4_4&#8243; _builder_version=&#8220;4.27.4&#8243; _module_preset=&#8220;default&#8220; global_colors_info=&#8220;{}&#8220;][et_pb_text _builder_version=&#8220;4.27.4&#8243; _module_preset=&#8220;default&#8220; header_2_text_align=&#8220;left&#8220; header_2_font_size=&#8220;50px&#8220; custom_margin=&#8220;||20px||false|false&#8220; custom_margin_tablet=&#8220;||20px||false|false&#8220; custom_margin_phone=&#8220;||10px||false|false&#8220; custom_margin_last_edited=&#8220;on|phone&#8220; header_2_font_size_tablet=&#8220;40px&#8220; header_2_font_size_phone=&#8220;33px&#8220; header_2_font_size_last_edited=&#8220;on|phone&#8220; global_colors_info=&#8220;{}&#8220;]<\/p>\n<h2>Was wir bieten:<\/h2>\n<p>[\/et_pb_text][et_pb_text _builder_version=&#8220;4.27.4&#8243; _module_preset=&#8220;default&#8220; ul_font_size=&#8220;18px&#8220; ul_line_height=&#8220;2em&#8220; max_width=&#8220;1200px&#8220; global_colors_info=&#8220;{}&#8220;]<\/p>\n<ul>\n<li>Einen sicheren Arbeitsplatz in einem innovativen und dynamischen Umfeld<\/li>\n<li>Abwechslungsreiche T\u00e4tigkeiten in Verwaltung, Organisation oder Technik<\/li>\n<li>Spannende Projekte rund um die Entwicklung und Anwendung von Sensortechnologien (Hall, Reed, TMR)<\/li>\n<li>Ein kollegiales Team mit offener Kommunikation und flachen Hierarchien<\/li>\n<li>M\u00f6glichkeiten zur Weiterbildung und pers\u00f6nlichen Weiterentwicklung<\/li>\n<\/ul>\n<p>[\/et_pb_text][\/et_pb_column][\/et_pb_row][et_pb_row _builder_version=&#8220;4.27.4&#8243; _module_preset=&#8220;default&#8220; width=&#8220;90%&#8220; global_colors_info=&#8220;{}&#8220;][et_pb_column type=&#8220;4_4&#8243; _builder_version=&#8220;4.27.4&#8243; _module_preset=&#8220;default&#8220; global_colors_info=&#8220;{}&#8220;][et_pb_text _builder_version=&#8220;4.27.4&#8243; _module_preset=&#8220;default&#8220; header_2_text_align=&#8220;left&#8220; header_2_font_size=&#8220;50px&#8220; custom_margin=&#8220;||20px||false|false&#8220; custom_margin_tablet=&#8220;||20px||false|false&#8220; custom_margin_phone=&#8220;||10px||false|false&#8220; custom_margin_last_edited=&#8220;on|phone&#8220; header_2_font_size_tablet=&#8220;40px&#8220; header_2_font_size_phone=&#8220;33px&#8220; header_2_font_size_last_edited=&#8220;on|phone&#8220; global_colors_info=&#8220;{}&#8220;]<\/p>\n<h2>Wen wir suchen:<\/h2>\n<p>[\/et_pb_text][et_pb_text _builder_version=&#8220;4.27.4&#8243; _module_preset=&#8220;default&#8220; ul_font_size=&#8220;18px&#8220; ul_line_height=&#8220;2em&#8220; max_width=&#8220;1200px&#8220; global_colors_info=&#8220;{}&#8220;]<\/p>\n<p>Wir sind interessiert an Pers\u00f6nlichkeiten, die:<\/p>\n<ul>\n<li style=\"list-style-type: none;\">\n<ul>\n<li>Im kaufm\u00e4nnischen Bereich Organisationstalent, Serviceorientierung und Zuverl\u00e4ssigkeit mitbringen<\/li>\n<li>Im technischen Bereich Erfahrung im <strong>Engineering<\/strong>, insbesondere in <strong>Magnetik, Sensorik und Messtechnik<\/strong> haben<\/li>\n<li>Kenntnisse in der Entwicklung, Analyse oder Anwendung von <strong>Hall-, Reed- und TMR-Sensoren<\/strong> besitzen<\/li>\n<li>Flexibel, teamf\u00e4hig und l\u00f6sungsorientiert arbeiten<\/li>\n<li>Mit Eigeninitiative und Motivation neue Ideen einbringen<\/li>\n<\/ul>\n<\/li>\n<\/ul>\n<p>[\/et_pb_text][\/et_pb_column][\/et_pb_row][\/et_pb_section][et_pb_section fb_built=&#8220;1&#8243; _builder_version=&#8220;4.27.4&#8243; _module_preset=&#8220;default&#8220; use_background_color_gradient=&#8220;on&#8220; background_color_gradient_direction=&#8220;90deg&#8220; background_color_gradient_stops=&#8220;#002b57 0%|#185ea7 100%&#8220; custom_padding=&#8220;60px||60px||true|&#8220; global_colors_info=&#8220;{}&#8220;][et_pb_row _builder_version=&#8220;4.27.4&#8243; _module_preset=&#8220;default&#8220; width=&#8220;90%&#8220; global_colors_info=&#8220;{}&#8220;][et_pb_column type=&#8220;4_4&#8243; _builder_version=&#8220;4.27.4&#8243; _module_preset=&#8220;default&#8220; global_colors_info=&#8220;{}&#8220;][et_pb_text _builder_version=&#8220;4.27.4&#8243; _module_preset=&#8220;default&#8220; header_2_text_align=&#8220;center&#8220; header_2_text_color=&#8220;#FFFFFF&#8220; header_2_font_size=&#8220;45px&#8220; header_4_text_align=&#8220;center&#8220; header_4_text_color=&#8220;#FFFFFF&#8220; header_4_font_size=&#8220;45px&#8220; custom_margin=&#8220;||19px|||&#8220; header_2_font_size_tablet=&#8220;40px&#8220; header_2_font_size_phone=&#8220;33px&#8220; header_2_font_size_last_edited=&#8220;on|phone&#8220; header_4_font_size_tablet=&#8220;40px&#8220; header_4_font_size_phone=&#8220;24px&#8220; header_4_font_size_last_edited=&#8220;on|phone&#8220; global_colors_info=&#8220;{}&#8220;]<\/p>\n<h4>Ihre Bewerbung:<\/h4>\n<p>[\/et_pb_text][et_pb_text _builder_version=&#8220;4.27.4&#8243; _module_preset=&#8220;default&#8220; text_text_color=&#8220;#FFFFFF&#8220; text_font_size=&#8220;20px&#8220; text_orientation=&#8220;center&#8220; module_alignment=&#8220;center&#8220; global_colors_info=&#8220;{}&#8220;]<\/p>\n<p>\u00dcberzeugen Sie uns von Ihren St\u00e4rken!<br \/>Senden Sie uns Ihre vollst\u00e4ndigen Bewerbungsunterlagen (Lebenslauf, Anschreiben, Zeugnisse) mit Angabe Ihrer gew\u00fcnschten Einsatzbereiche und Verf\u00fcgbarkeit.<\/p>\n<p>[\/et_pb_text][\/et_pb_column][\/et_pb_row][\/et_pb_section][et_pb_section fb_built=&#8220;1&#8243; module_id=&#8220;Bewerben&#8220; _builder_version=&#8220;4.27.4&#8243; _module_preset=&#8220;default&#8220; background_color=&#8220;RGBA(255,255,255,0)&#8220; custom_padding=&#8220;90px|||||&#8220; locked=&#8220;off&#8220; global_colors_info=&#8220;{}&#8220;][et_pb_row _builder_version=&#8220;4.27.4&#8243; _module_preset=&#8220;default&#8220; custom_padding=&#8220;||13px|||&#8220; global_colors_info=&#8220;{}&#8220;][et_pb_column type=&#8220;4_4&#8243; _builder_version=&#8220;4.27.4&#8243; _module_preset=&#8220;default&#8220; global_colors_info=&#8220;{}&#8220;][dipi_divider content_text=&#8220;Ich freue mich auf Ihre Bewerbung&#8220; first_decoration_line_color=&#8220;#e62139&#8243; first_line_weight=&#8220;3px&#8220; content_padding=&#8220;10px|10px|10px|10px|false|false&#8220; content_margin=&#8220;|50px||50px|false|true&#8220; content_margin_tablet=&#8220;|32px||32px|false|true&#8220; content_margin_phone=&#8220;|1px||1px|false|true&#8220; content_margin_last_edited=&#8220;on|phone&#8220; _builder_version=&#8220;4.27.4&#8243; _module_preset=&#8220;default&#8220; text_font_size=&#8220;50px&#8220; text_line_height=&#8220;1em&#8220; text_font_size_tablet=&#8220;40px&#8220; text_font_size_phone=&#8220;30px&#8220; text_font_size_last_edited=&#8220;on|phone&#8220; global_colors_info=&#8220;{}&#8220;][\/dipi_divider][et_pb_text _builder_version=&#8220;4.27.4&#8243; _module_preset=&#8220;default&#8220; text_orientation=&#8220;center&#8220; max_width=&#8220;745px&#8220; module_alignment=&#8220;center&#8220; custom_margin=&#8220;||31px|||&#8220; locked=&#8220;off&#8220; global_colors_info=&#8220;{}&#8220;]<\/p>\n<p>Ich freue mich darauf, Sie kennenzulernen. Gemeinsam finden wir heraus, wie Sie Ihre Talente bei uns bestm\u00f6glich einbringen k\u00f6nnen.<\/p>\n<p>[\/et_pb_text][\/et_pb_column][\/et_pb_row][et_pb_row column_structure=&#8220;3_5,2_5&#8243; _builder_version=&#8220;4.27.4&#8243; _module_preset=&#8220;default&#8220; width=&#8220;90%&#8220; global_colors_info=&#8220;{}&#8220;][et_pb_column type=&#8220;3_5&#8243; _builder_version=&#8220;4.27.4&#8243; _module_preset=&#8220;default&#8220; global_colors_info=&#8220;{}&#8220;][et_pb_image src=&#8220;https:\/\/www.masetec.com\/wp-content\/uploads\/2025\/08\/Masetec-jobs-karriere-Ansprechpartnerin.webp&#8220; title_text=&#8220;Masetec-jobs-karriere-Ansprechpartnerin&#8220; _builder_version=&#8220;4.27.4&#8243; _module_preset=&#8220;default&#8220; global_colors_info=&#8220;{}&#8220;][\/et_pb_image][\/et_pb_column][et_pb_column type=&#8220;2_5&#8243; _builder_version=&#8220;4.27.4&#8243; _module_preset=&#8220;default&#8220; global_colors_info=&#8220;{}&#8220;][et_pb_blurb title=&#8220;Rufen Sie mich an:&#8220; image=&#8220;https:\/\/www.masetec.com\/wp-content\/uploads\/2025\/03\/phone.svg&#8220; icon_placement=&#8220;left&#8220; image_icon_width=&#8220;65px&#8220; content_max_width=&#8220;100%&#8220; _builder_version=&#8220;4.27.4&#8243; _module_preset=&#8220;default&#8220; header_font=&#8220;&#8211;et_global_body_font||||||||&#8220; header_text_color=&#8220;gcid-primary-color&#8220; header_font_size=&#8220;20px&#8220; body_font=&#8220;|&#8211;et_global_body_font_weight|||||||&#8220; body_text_color=&#8220;gcid-primary-color&#8220; body_line_height=&#8220;1.5em&#8220; custom_margin=&#8220;60px||40px||false|false&#8220; body_font_size_tablet=&#8220;20px&#8220; body_font_size_phone=&#8220;18px&#8220; body_font_size_last_edited=&#8220;on|phone&#8220; body_line_height_tablet=&#8220;1.5em&#8220; body_line_height_phone=&#8220;1.2em&#8220; body_line_height_last_edited=&#8220;on|phone&#8220; locked=&#8220;off&#8220; global_colors_info=&#8220;{%22gcid-primary-color%22:%91%22body_text_color%22,%22header_text_color%22%93}&#8220;]<\/p>\n<p><a href=\"tel:+4991877069341\">+49 (0) 9187 7069341<\/a><\/p>\n<p>[\/et_pb_blurb][et_pb_blurb title=&#8220;Schicken Sie mir eine Mail&#8220; image=&#8220;https:\/\/www.masetec.com\/wp-content\/uploads\/2025\/03\/mail.svg&#8220; icon_placement=&#8220;left&#8220; image_icon_width=&#8220;65px&#8220; content_max_width=&#8220;100%&#8220; _builder_version=&#8220;4.27.4&#8243; _module_preset=&#8220;default&#8220; header_font=&#8220;&#8211;et_global_body_font||||||||&#8220; header_text_color=&#8220;gcid-primary-color&#8220; header_font_size=&#8220;20px&#8220; body_font=&#8220;|&#8211;et_global_body_font_weight|||||||&#8220; body_text_color=&#8220;gcid-primary-color&#8220; body_line_height=&#8220;1.5em&#8220; custom_margin=&#8220;||40px||false|false&#8220; link_option_url=&#8220;mailto:jb@masetec.de&#8220; link_option_url_new_window=&#8220;on&#8220; body_font_size_tablet=&#8220;20px&#8220; body_font_size_phone=&#8220;18px&#8220; body_font_size_last_edited=&#8220;on|phone&#8220; body_line_height_tablet=&#8220;1.5em&#8220; body_line_height_phone=&#8220;1.2em&#8220; body_line_height_last_edited=&#8220;on|phone&#8220; locked=&#8220;off&#8220; global_colors_info=&#8220;{%22gcid-primary-color%22:%91%22body_text_color%22,%22header_text_color%22%93}&#8220;]<\/p>\n<p><a href=\"mailto:pz@masetec.de\">pz@masetec.de<\/a><\/p>\n<p>[\/et_pb_blurb][\/et_pb_column][\/et_pb_row][\/et_pb_section]<\/p>\n","protected":false},"excerpt":{"rendered":"<p>Werden Sie ein Teil unseres Teams!Gestalten Sie Ihre Zukunft mit uns \u2013 Ihre Initiativbewerbung im Bereich Handel, B\u00fcro &amp; EngineeringWachsen Sie mit unsMasetec entwickelt und vertreibt hochwertige Sensorl\u00f6sungen f\u00fcr industrielle Anwendungen \u2013 mit einem klaren Fokus auf Pr\u00e4zision, Qualit\u00e4t und technische Weiterentwicklung.Unser Wachstum basiert auf Kompetenz, flachen Hierarchien und einem Team, das Verantwortung \u00fcbernimmt und [&hellip;]<\/p>\n","protected":false},"author":1,"featured_media":0,"parent":0,"menu_order":0,"comment_status":"closed","ping_status":"closed","template":"","meta":{"_et_pb_use_builder":"on","_et_pb_old_content":"","_et_gb_content_width":"","footnotes":""},"dipi_cpt_category":[],"class_list":["post-26253382","page","type-page","status-publish","hentry"],"_links":{"self":[{"href":"https:\/\/www.masetec.com\/de\/wp-json\/wp\/v2\/pages\/26253382","targetHints":{"allow":["GET"]}}],"collection":[{"href":"https:\/\/www.masetec.com\/de\/wp-json\/wp\/v2\/pages"}],"about":[{"href":"https:\/\/www.masetec.com\/de\/wp-json\/wp\/v2\/types\/page"}],"author":[{"embeddable":true,"href":"https:\/\/www.masetec.com\/de\/wp-json\/wp\/v2\/users\/1"}],"replies":[{"embeddable":true,"href":"https:\/\/www.masetec.com\/de\/wp-json\/wp\/v2\/comments?post=26253382"}],"version-history":[{"count":10,"href":"https:\/\/www.masetec.com\/de\/wp-json\/wp\/v2\/pages\/26253382\/revisions"}],"predecessor-version":[{"id":26253590,"href":"https:\/\/www.masetec.com\/de\/wp-json\/wp\/v2\/pages\/26253382\/revisions\/26253590"}],"wp:attachment":[{"href":"https:\/\/www.masetec.com\/de\/wp-json\/wp\/v2\/media?parent=26253382"}],"wp:term":[{"taxonomy":"dipi_cpt_category","embeddable":true,"href":"https:\/\/www.masetec.com\/de\/wp-json\/wp\/v2\/dipi_cpt_category?post=26253382"}],"curies":[{"name":"wp","href":"https:\/\/api.w.org\/{rel}","templated":true}]}}