{"id":26248481,"date":"2025-05-14T16:33:56","date_gmt":"2025-05-14T14:33:56","guid":{"rendered":"https:\/\/masetec.liebevolleweltherrschaft.de\/?page_id=26248481"},"modified":"2026-03-26T07:47:35","modified_gmt":"2026-03-26T06:47:35","slug":"impressum","status":"publish","type":"page","link":"https:\/\/www.masetec.com\/de\/impressum\/","title":{"rendered":"Impressum"},"content":{"rendered":"<p>[et_pb_section fb_built=&#8220;1&#8243; _builder_version=&#8220;4.27.4&#8243; _module_preset=&#8220;default&#8220; custom_padding=&#8220;40px||80px||false|false&#8220; global_colors_info=&#8220;{}&#8220;][et_pb_row _builder_version=&#8220;4.27.4&#8243; _module_preset=&#8220;default&#8220; width=&#8220;90%&#8220; custom_padding=&#8220;||12px|||&#8220; global_colors_info=&#8220;{}&#8220;][et_pb_column type=&#8220;4_4&#8243; _builder_version=&#8220;4.27.4&#8243; _module_preset=&#8220;default&#8220; global_colors_info=&#8220;{}&#8220;][et_pb_text _builder_version=&#8220;4.27.4&#8243; _module_preset=&#8220;default&#8220; header_text_align=&#8220;left&#8220; header_font_size=&#8220;60px&#8220; header_2_text_align=&#8220;left&#8220; header_2_font_size=&#8220;50px&#8220; custom_margin=&#8220;||30px||false|false&#8220; header_font_size_tablet=&#8220;50px&#8220; header_font_size_phone=&#8220;40px&#8220; header_font_size_last_edited=&#8220;on|phone&#8220; header_2_font_size_tablet=&#8220;40px&#8220; header_2_font_size_phone=&#8220;33px&#8220; header_2_font_size_last_edited=&#8220;on|phone&#8220; global_colors_info=&#8220;{}&#8220;]<\/p>\n<h1>Impressum<\/h1>\n<p>[\/et_pb_text][\/et_pb_column][\/et_pb_row][et_pb_row custom_padding_last_edited=&#8220;on|phone&#8220; _builder_version=&#8220;4.27.4&#8243; _module_preset=&#8220;default&#8220; background_color=&#8220;#FFFFFF&#8220; width=&#8220;90%&#8220; module_alignment=&#8220;center&#8220; custom_padding=&#8220;50px|40px|50px|40px|true|true&#8220; custom_padding_tablet=&#8220;50px|40px|50px|40px|true|true&#8220; custom_padding_phone=&#8220;|20px||20px|true|true&#8220; border_radii=&#8220;on|10px|10px|10px|10px&#8220; border_width_all=&#8220;1px&#8220; border_color_all=&#8220;#c1bebe&#8220; box_shadow_style=&#8220;preset3&#8243; box_shadow_color=&#8220;rgba(0,0,0,0.1)&#8220; global_colors_info=&#8220;{}&#8220;][et_pb_column type=&#8220;4_4&#8243; _builder_version=&#8220;4.27.4&#8243; _module_preset=&#8220;default&#8220; global_colors_info=&#8220;{}&#8220;][et_pb_text _builder_version=&#8220;4.27.4&#8243; _module_preset=&#8220;default&#8220; global_colors_info=&#8220;{}&#8220;]<\/p>\n<section class=\"elementor-section elementor-top-section elementor-element elementor-element-7eda086 elementor-section-stretched elementor-section-full_width elementor-section-height-default elementor-section-height-default\" data-id=\"7eda086\" data-element_type=\"section\" data-settings=\"{&quot;stretch_section&quot;:&quot;section-stretched&quot;}\">\n<div class=\"elementor-container elementor-column-gap-default\">\n<div class=\"elementor-column elementor-col-100 elementor-top-column elementor-element elementor-element-9936fe3\" data-id=\"9936fe3\" data-element_type=\"column\">\n<div class=\"elementor-widget-wrap elementor-element-populated\">\n<div class=\"elementor-element elementor-element-51e4ddd elementor-widget elementor-widget-google_maps\" data-id=\"51e4ddd\" data-element_type=\"widget\" data-widget_type=\"google_maps.default\">\n<div class=\"elementor-widget-container\">\n<div class=\"elementor-custom-embed\">\n<div class=\"brlbs-cmpnt-container brlbs-cmpnt-content-blocker\" data-borlabs-cookie-content-blocker-id=\"default\" data-borlabs-cookie-content=\"PGlmcmFtZSBsb2FkaW5nPSJsYXp5IgoJCQkJCXNyYz0iaHR0cHM6Ly9tYXBzLmdvb2dsZS5jb20vbWFwcz9xPVdlcmtzdHJhJUMzJTlGZSUyMDE4JTIwOTA1MTglMjBBbHRkb3JmJTIwYmVpJTIwTiVDMyVCQ3JuYmVyZyYjMDM4O3Q9bSYjMDM4O3o9MTEmIzAzODtvdXRwdXQ9ZW1iZWQmIzAzODtpd2xvYz1uZWFyIgoJCQkJCXRpdGxlPSJXZXJrc3RyYcOfZSAxOCA5MDUxOCBBbHRkb3JmIGJlaSBOw7xybmJlcmciCgkJCQkJYXJpYS1sYWJlbD0iV2Vya3N0cmHDn2UgMTggOTA1MTggQWx0ZG9yZiBiZWkgTsO8cm5iZXJnIgoJCQk+PC9pZnJhbWU+\"><strong>masetec GmbH<\/strong><\/div>\n<\/div>\n<\/div>\n<\/div>\n<\/div>\n<\/div>\n<\/div>\n<\/section>\n<section class=\"elementor-section elementor-top-section elementor-element elementor-element-b5abbd0 elementor-section-full_width elementor-section-height-default elementor-section-height-default\" data-id=\"b5abbd0\" data-element_type=\"section\">\n<div class=\"elementor-container elementor-column-gap-default\">\n<div class=\"elementor-column elementor-col-100 elementor-top-column elementor-element elementor-element-45fddc0\" data-id=\"45fddc0\" data-element_type=\"column\">\n<div class=\"elementor-widget-wrap elementor-element-populated\">\n<div class=\"elementor-element elementor-element-0c5a427 elementor-widget elementor-widget-text-editor\" data-id=\"0c5a427\" data-element_type=\"widget\" data-widget_type=\"text-editor.default\">\n<div class=\"elementor-widget-container\">\n<p>magnets &amp; sensors technology<\/p>\n<p>Werkstra\u00dfe 18<br \/>90518 Altdorf bei N\u00fcrnberg<br \/>GERMANY<\/p>\n<p>Telefon: +49 9187 706 93 40<br \/>Fax: +49 9187 706 93 39<\/p>\n<p>E-Mail-Adresse:\u00a0<a href=\"mailto:info@masetec.de\">info@masetec.de<\/a><\/p>\n<p>Gesch\u00e4ftsf\u00fchrer : Morris Wilisch<br \/>Registergericht N\u00fcrnberg \/ HRB 34137<br \/>Sitz der Gesellschaft: Altdorf bei N\u00fcrnberg<br \/>Ust.-ID: DE312646816<\/p>\n<p>WEEE-Reg.-Nr. DE 93006085<\/p>\n<\/div>\n<\/div>\n<\/div>\n<\/div>\n<\/div>\n<\/section>\n<p>[\/et_pb_text][\/et_pb_column][\/et_pb_row][\/et_pb_section][et_pb_section fb_built=&#8220;1&#8243; _builder_version=&#8220;4.27.4&#8243; _module_preset=&#8220;default&#8220; use_background_color_gradient=&#8220;on&#8220; background_color_gradient_direction=&#8220;90deg&#8220; background_color_gradient_stops=&#8220;#002b57 0%|#185ea7 99%&#8220; custom_padding=&#8220;60px||60px||true|&#8220; global_colors_info=&#8220;{}&#8220;][et_pb_row _builder_version=&#8220;4.27.4&#8243; _module_preset=&#8220;default&#8220; width=&#8220;90%&#8220; global_colors_info=&#8220;{}&#8220;][et_pb_column type=&#8220;4_4&#8243; _builder_version=&#8220;4.27.4&#8243; _module_preset=&#8220;default&#8220; global_colors_info=&#8220;{}&#8220;][et_pb_text _builder_version=&#8220;4.27.4&#8243; _module_preset=&#8220;default&#8220; header_2_text_align=&#8220;center&#8220; header_2_text_color=&#8220;#FFFFFF&#8220; header_2_font_size=&#8220;45px&#8220; header_4_text_align=&#8220;center&#8220; header_4_text_color=&#8220;#FFFFFF&#8220; header_4_font_size=&#8220;45px&#8220; custom_margin=&#8220;||19px|||&#8220; header_2_font_size_tablet=&#8220;40px&#8220; header_2_font_size_phone=&#8220;33px&#8220; header_2_font_size_last_edited=&#8220;on|phone&#8220; header_4_font_size_tablet=&#8220;40px&#8220; header_4_font_size_phone=&#8220;24px&#8220; header_4_font_size_last_edited=&#8220;on|phone&#8220; global_colors_info=&#8220;{}&#8220;]<\/p>\n<h4>Welches Produkt suchen Sie?<\/h4>\n<p>[\/et_pb_text][\/et_pb_column][\/et_pb_row][et_pb_row _builder_version=&#8220;4.27.4&#8243; _module_preset=&#8220;default&#8220; background_color=&#8220;#FFFFFF&#8220; width=&#8220;70%&#8220; max_width=&#8220;500px&#8220; custom_margin=&#8220;0px||||false|false&#8220; custom_padding=&#8220;0px|0px|0px|0px|false|false&#8220; border_radii=&#8220;on|50px|50px|50px|50px&#8220; border_width_all=&#8220;2px&#8220; border_color_all=&#8220;#e62139&#8243; global_colors_info=&#8220;{}&#8220;][et_pb_column type=&#8220;4_4&#8243; _builder_version=&#8220;4.27.4&#8243; _module_preset=&#8220;default&#8220; global_colors_info=&#8220;{}&#8220;][et_pb_search placeholder=&#8220;#Schlagwort eingeben oder Artikelnummer eingeben \ud83d\udd0d &#8220; placeholder_color=&#8220;rgba(59,59,58,0.5)&#8220; _builder_version=&#8220;4.27.4&#8243; _module_preset=&#8220;default&#8220; form_field_background_color=&#8220;#FFFFFF&#8220; max_width=&#8220;520px&#8220; module_alignment=&#8220;center&#8220; custom_padding=&#8220;1em|30px|1em|50px|true|false&#8220; hover_enabled=&#8220;0&#8243; border_radii=&#8220;off|3px|0px|0px|&#8220; border_width_all=&#8220;0px&#8220; global_colors_info=&#8220;{}&#8220; sticky_enabled=&#8220;0&#8243;][\/et_pb_search][\/et_pb_column][\/et_pb_row][\/et_pb_section]<\/p>\n","protected":false},"excerpt":{"rendered":"<p>Impressum masetec GmbH magnets &amp; sensors technology Werkstra\u00dfe 1890518 Altdorf bei N\u00fcrnbergGERMANY Telefon: +49 9187 706 93 40Fax: +49 9187 706 93 39 E-Mail-Adresse:\u00a0info@masetec.de Gesch\u00e4ftsf\u00fchrer : Morris WilischRegistergericht N\u00fcrnberg \/ HRB 34137Sitz der Gesellschaft: Altdorf bei N\u00fcrnbergUst.-ID: DE312646816 WEEE-Reg.-Nr. DE 93006085 Welches Produkt suchen Sie?<\/p>\n","protected":false},"author":1,"featured_media":0,"parent":0,"menu_order":0,"comment_status":"closed","ping_status":"closed","template":"","meta":{"_et_pb_use_builder":"on","_et_pb_old_content":"","_et_gb_content_width":"","footnotes":""},"dipi_cpt_category":[],"class_list":["post-26248481","page","type-page","status-publish","hentry"],"_links":{"self":[{"href":"https:\/\/www.masetec.com\/de\/wp-json\/wp\/v2\/pages\/26248481","targetHints":{"allow":["GET"]}}],"collection":[{"href":"https:\/\/www.masetec.com\/de\/wp-json\/wp\/v2\/pages"}],"about":[{"href":"https:\/\/www.masetec.com\/de\/wp-json\/wp\/v2\/types\/page"}],"author":[{"embeddable":true,"href":"https:\/\/www.masetec.com\/de\/wp-json\/wp\/v2\/users\/1"}],"replies":[{"embeddable":true,"href":"https:\/\/www.masetec.com\/de\/wp-json\/wp\/v2\/comments?post=26248481"}],"version-history":[{"count":5,"href":"https:\/\/www.masetec.com\/de\/wp-json\/wp\/v2\/pages\/26248481\/revisions"}],"predecessor-version":[{"id":26256172,"href":"https:\/\/www.masetec.com\/de\/wp-json\/wp\/v2\/pages\/26248481\/revisions\/26256172"}],"wp:attachment":[{"href":"https:\/\/www.masetec.com\/de\/wp-json\/wp\/v2\/media?parent=26248481"}],"wp:term":[{"taxonomy":"dipi_cpt_category","embeddable":true,"href":"https:\/\/www.masetec.com\/de\/wp-json\/wp\/v2\/dipi_cpt_category?post=26248481"}],"curies":[{"name":"wp","href":"https:\/\/api.w.org\/{rel}","templated":true}]}}